{"id":396,"date":"2011-03-07T17:24:23","date_gmt":"2011-03-07T16:24:23","guid":{"rendered":"http:\/\/www.traineebloggen.se\/?page_id=396"},"modified":"2020-10-12T13:43:26","modified_gmt":"2020-10-12T12:43:26","slug":"vara-bloggande-traineer","status":"publish","type":"page","link":"https:\/\/www.traineebloggen.se\/index.php\/vara-bloggande-traineer\/","title":{"rendered":"V\u00e5ra bloggande traineer"},"content":{"rendered":"<p>H\u00e4r p\u00e5 TraineeBloggen.se kan du f\u00f6lja traineer fr\u00e5n flera olika f\u00f6retag under deras traineeperiod.<br \/>\nJust nu kan du f\u00f6lja:<\/p>\n<p><strong>Swedavia<br \/>\n<\/strong>Elias \u00c5str\u00f6m<br \/>\nJosephine Hedman<br \/>\nAgnes Risfelt<br \/>\nWilliam Lundqvist<\/p>\n<p><strong><br \/>\nSKF<br \/>\n<\/strong>Aline Novaes<br \/>\nJosefin Locking<br \/>\nAlbin Savhage<br \/>\nCarl Filip Fredborg<br \/>\nNicola Brioschi<br \/>\nGinevra Covoni<br \/>\nMorris Tong<br \/>\nDaria Naboichenko<br \/>\nAlexander Pogorely<br \/>\nMelissa O&#8217;Connor<\/p>\n<p><strong><br \/>\nHusqvarna Group<br \/>\n<\/strong>Christian Kienzle<br \/>\nStefan Kessler<br \/>\nRaphael G\u00f6risch<br \/>\nErik Jiln\u00f6<br \/>\nKevin Caleca<br \/>\nCaroline Lilja<br \/>\nHenrik Wallander<br \/>\nOscar Gezelius<\/p>\n<p><strong><br \/>\nJM<br \/>\n<\/strong>Alexandra Ivanov<br \/>\nArvin Bahmani<\/p>\n<p><strong><br \/>\nFujitsu<\/strong><br \/>\nKajsa Hulten<br \/>\nAmy Johansson<br \/>\nAmanda Weichbrodt<br \/>\nDeborah Mehreteab<br \/>\nMattias Juhlin<\/p>\n<p><strong><br \/>\nEltel<br \/>\n<\/strong>Karin Axelsson<br \/>\nSimon Samuelsson<\/p>\n<p><strong><br \/>\nJordbruksverket<br \/>\n<\/strong>Sebastian<br \/>\nIngela<br \/>\nRickard<br \/>\nErika<br \/>\nNora<br \/>\nMalin<\/p>\n<p><strong><br \/>\nSabo<br \/>\n<\/strong>Beatrice Nordling<\/p>\n<p><strong><br \/>\nOctapharma<br \/>\n<\/strong>Viktoria Sahl\u00e9n<\/p>\n<p><strong><br \/>\nSJ<br \/>\n<\/strong>Stina Axi<br \/>\nChristoffer L\u00f6fquist<\/p>\n<p><strong><br \/>\nCoca-Cola\u00a0European Partner<br \/>\n<\/strong>Farnaz Saadat<br \/>\nPernilla Svensson<br \/>\nJonas \u00c5str\u00f6m<br \/>\nElsa Ekelius<br \/>\nEmma Dennermyr<br \/>\nVictoria Adolfsson<br \/>\nSamir Radjai<br \/>\nBj\u00f6rn Hellqvist<\/p>\n<p><strong><br \/>\nCinnober Financial Technology<br \/>\n<\/strong>Lucas Lindstr\u00f6m<br \/>\nRasmus Leijon<br \/>\nJohan Sundberg<br \/>\nMaryam Pourangnia<br \/>\nRobin Norberg<br \/>\nOskar Janson<\/p>\n<p><strong><br \/>\nScania<\/strong><br \/>\nTherese Enarsson<br \/>\nDenice Johansson<\/p>\n<p><strong><br \/>\nSiemens<br \/>\n<\/strong>Caroline N\u00e4sslander<br \/>\nJakob Haller<\/p>\n<p><strong><br \/>\nMicrosoft<br \/>\n<\/strong>Anne-Marie Liljekvist<br \/>\nAtefeh Sebdani<br \/>\nJohanna Fridolfsson<br \/>\nErik Werner<\/p>\n<p><strong><br \/>\nTraineeprogrammet\u00a0Familjen Helsingborg<br \/>\n<\/strong>Falk Jandt<\/p>\n<p><strong><br \/>\nGKN Aerospace Sweden<br \/>\n<\/strong>Alexander Hall<br \/>\nEmma Winblad von Walter<br \/>\nKasper Janehag<br \/>\nLisa Markusson<br \/>\nMaria \u00d6stman<br \/>\nPhilip Simonsson<br \/>\nSigne Vallin<\/p>\n<p><strong><br \/>\nLantm\u00e4nnen<\/strong><br \/>\nMoa K\u00e4llgren<br \/>\nMikkel Frederiksen<br \/>\nJohan Lagerholm<br \/>\nVanessa Gloria<br \/>\nJohanna Taflin<br \/>\nLovisa Paulsson<br \/>\nAnton Br\u00e4nnmark<br \/>\nSebastian Norman<br \/>\nHugo Bodinson<\/p>\n","protected":false},"excerpt":{"rendered":"<p>H\u00e4r p\u00e5 TraineeBloggen.se kan du f\u00f6lja traineer fr\u00e5n flera olika f\u00f6retag under deras traineeperiod. Just nu kan du f\u00f6lja: Swedavia Elias \u00c5str\u00f6m Josephine Hedman Agnes Risfelt William Lundqvist SKF Aline Novaes Josefin Locking Albin Savhage Carl Filip Fredborg Nicola Brioschi Ginevra Covoni Morris Tong Daria Naboichenko Alexander Pogorely Melissa O&#8217;Connor Husqvarna Group Christian Kienzle Stefan [&hellip;]<\/p>\n","protected":false},"author":1,"featured_media":0,"parent":0,"menu_order":1,"comment_status":"open","ping_status":"open","template":"","meta":[],"_links":{"self":[{"href":"https:\/\/www.traineebloggen.se\/index.php\/wp-json\/wp\/v2\/pages\/396"}],"collection":[{"href":"https:\/\/www.traineebloggen.se\/index.php\/wp-json\/wp\/v2\/pages"}],"about":[{"href":"https:\/\/www.traineebloggen.se\/index.php\/wp-json\/wp\/v2\/types\/page"}],"author":[{"embeddable":true,"href":"https:\/\/www.traineebloggen.se\/index.php\/wp-json\/wp\/v2\/users\/1"}],"replies":[{"embeddable":true,"href":"https:\/\/www.traineebloggen.se\/index.php\/wp-json\/wp\/v2\/comments?post=396"}],"version-history":[{"count":5,"href":"https:\/\/www.traineebloggen.se\/index.php\/wp-json\/wp\/v2\/pages\/396\/revisions"}],"predecessor-version":[{"id":8194,"href":"https:\/\/www.traineebloggen.se\/index.php\/wp-json\/wp\/v2\/pages\/396\/revisions\/8194"}],"wp:attachment":[{"href":"https:\/\/www.traineebloggen.se\/index.php\/wp-json\/wp\/v2\/media?parent=396"}],"curies":[{"name":"wp","href":"https:\/\/api.w.org\/{rel}","templated":true}]}}