{"id":2,"date":"2010-02-24T19:34:57","date_gmt":"2010-02-24T19:34:57","guid":{"rendered":"http:\/\/blog.traineeguiden.se\/?page_id=2"},"modified":"2011-03-07T17:25:52","modified_gmt":"2011-03-07T16:25:52","slug":"om-trainee-bloggen","status":"publish","type":"page","link":"https:\/\/www.traineebloggen.se\/index.php\/om-trainee-bloggen\/","title":{"rendered":"Om TraineeBloggen"},"content":{"rendered":"<p>Id\u00e9n med TraineeBloggen.se \u00e4r att l\u00e5ta traineer fr\u00e5n olika f\u00f6retag och branscher blogga p\u00e5 en och samma plats. Vi hoppas att bloggen kan konkretisera f\u00f6r dig som bes\u00f6kare hur det \u00e4r att vara trainee.<\/p>\n<p>TraineeBloggen \u00e4r en del av <a title=\"trainee\" href=\"http:\/\/www.traineeguiden.se\" target=\"_blank\">TraineeGuiden.se<\/a> d\u00e4r du kan hitta information om aktuella traineeprogram.<\/p>\n<p>\u00c4r du trainee och vill blogga h\u00e4r? Kontakta oss p\u00e5 <a href=\"mailto:info@traineeguiden.se\">info@traineeguiden.se<\/a><\/p>\n","protected":false},"excerpt":{"rendered":"<p>Id\u00e9n med TraineeBloggen.se \u00e4r att l\u00e5ta traineer fr\u00e5n olika f\u00f6retag och branscher blogga p\u00e5 en och samma plats. Vi hoppas att bloggen kan konkretisera f\u00f6r dig som bes\u00f6kare hur det \u00e4r att vara trainee. TraineeBloggen \u00e4r en del av TraineeGuiden.se d\u00e4r du kan hitta information om aktuella traineeprogram. \u00c4r du trainee och vill blogga h\u00e4r? [&hellip;]<\/p>\n","protected":false},"author":1,"featured_media":0,"parent":0,"menu_order":2,"comment_status":"open","ping_status":"open","template":"","meta":[],"_links":{"self":[{"href":"https:\/\/www.traineebloggen.se\/index.php\/wp-json\/wp\/v2\/pages\/2"}],"collection":[{"href":"https:\/\/www.traineebloggen.se\/index.php\/wp-json\/wp\/v2\/pages"}],"about":[{"href":"https:\/\/www.traineebloggen.se\/index.php\/wp-json\/wp\/v2\/types\/page"}],"author":[{"embeddable":true,"href":"https:\/\/www.traineebloggen.se\/index.php\/wp-json\/wp\/v2\/users\/1"}],"replies":[{"embeddable":true,"href":"https:\/\/www.traineebloggen.se\/index.php\/wp-json\/wp\/v2\/comments?post=2"}],"version-history":[{"count":5,"href":"https:\/\/www.traineebloggen.se\/index.php\/wp-json\/wp\/v2\/pages\/2\/revisions"}],"predecessor-version":[{"id":400,"href":"https:\/\/www.traineebloggen.se\/index.php\/wp-json\/wp\/v2\/pages\/2\/revisions\/400"}],"wp:attachment":[{"href":"https:\/\/www.traineebloggen.se\/index.php\/wp-json\/wp\/v2\/media?parent=2"}],"curies":[{"name":"wp","href":"https:\/\/api.w.org\/{rel}","templated":true}]}}